{"id":6903,"date":"2022-12-02T12:47:24","date_gmt":"2022-12-02T11:47:24","guid":{"rendered":"https:\/\/erasmusplus-sachsen.de\/?page_id=6903"},"modified":"2023-09-20T09:52:54","modified_gmt":"2023-09-20T07:52:54","slug":"memory","status":"publish","type":"page","link":"https:\/\/erasmusplus-sachsen.de\/en\/the-career-garden\/virtual-internship-at-heinrich-schmid\/memory\/","title":{"rendered":"5. Memory"},"content":{"rendered":"<p><div class=\"fusion-fullwidth fullwidth-box fusion-builder-row-1 fusion-flex-container nonhundred-percent-fullwidth non-hundred-percent-height-scrolling\" style=\"--awb-border-radius-top-left:0px;--awb-border-radius-top-right:0px;--awb-border-radius-bottom-right:0px;--awb-border-radius-bottom-left:0px;--awb-flex-wrap:wrap;\" ><div class=\"fusion-builder-row fusion-row fusion-flex-align-items-flex-start fusion-flex-content-wrap\" style=\"max-width:1456px;margin-left: calc(-4% \/ 2 );margin-right: calc(-4% \/ 2 );\"><div class=\"fusion-layout-column fusion_builder_column fusion-builder-column-0 fusion_builder_column_1_1 1_1 fusion-flex-column\" style=\"--awb-bg-size:cover;--awb-width-large:100%;--awb-margin-top-large:0px;--awb-spacing-right-large:1.92%;--awb-margin-bottom-large:20px;--awb-spacing-left-large:1.92%;--awb-width-medium:100%;--awb-order-medium:0;--awb-spacing-right-medium:1.92%;--awb-spacing-left-medium:1.92%;--awb-width-small:100%;--awb-order-small:0;--awb-spacing-right-small:1.92%;--awb-spacing-left-small:1.92%;\"><div class=\"fusion-column-wrapper fusion-column-has-shadow fusion-flex-justify-content-flex-start fusion-content-layout-column\"><div class=\"fusion-image-element \" style=\"--awb-margin-bottom:20px;--awb-caption-title-font-family:var(--h2_typography-font-family);--awb-caption-title-font-weight:var(--h2_typography-font-weight);--awb-caption-title-font-style:var(--h2_typography-font-style);--awb-caption-title-size:var(--h2_typography-font-size);--awb-caption-title-transform:var(--h2_typography-text-transform);--awb-caption-title-line-height:var(--h2_typography-line-height);--awb-caption-title-letter-spacing:var(--h2_typography-letter-spacing);\"><span class=\" fusion-imageframe imageframe-none imageframe-1 hover-type-none\"><img decoding=\"async\" width=\"1459\" height=\"299\" title=\"Career Garden Logo\" src=\"https:\/\/erasmusplus-sachsen.de\/wp-content\/uploads\/2022\/07\/career-garden-logo-Pfade.png\" alt class=\"img-responsive wp-image-6713\" srcset=\"https:\/\/erasmusplus-sachsen.de\/wp-content\/uploads\/2022\/07\/career-garden-logo-Pfade-200x41.png 200w, https:\/\/erasmusplus-sachsen.de\/wp-content\/uploads\/2022\/07\/career-garden-logo-Pfade-400x82.png 400w, https:\/\/erasmusplus-sachsen.de\/wp-content\/uploads\/2022\/07\/career-garden-logo-Pfade-600x123.png 600w, https:\/\/erasmusplus-sachsen.de\/wp-content\/uploads\/2022\/07\/career-garden-logo-Pfade-800x164.png 800w, https:\/\/erasmusplus-sachsen.de\/wp-content\/uploads\/2022\/07\/career-garden-logo-Pfade-1200x246.png 1200w, https:\/\/erasmusplus-sachsen.de\/wp-content\/uploads\/2022\/07\/career-garden-logo-Pfade.png 1459w\" sizes=\"(max-width: 1024px) 100vw, (max-width: 640px) 100vw, 1459px\" \/><\/span><\/div><div class=\"fusion-text fusion-text-1\"><h2>Your work experience starts here!<\/h2>\n<p><img decoding=\"async\" class=\"alignnone size-full wp-image-6428\" src=\"https:\/\/erasmusplus-sachsen.de\/wp-content\/uploads\/2022\/07\/heinrich-schmid.png\" alt=\"Logo Firma Heinrich Schmid\" width=\"300\" height=\"64\" srcset=\"https:\/\/erasmusplus-sachsen.de\/wp-content\/uploads\/2022\/07\/heinrich-schmid-200x43.png 200w, https:\/\/erasmusplus-sachsen.de\/wp-content\/uploads\/2022\/07\/heinrich-schmid.png 300w\" sizes=\"(max-width: 300px) 100vw, 300px\" \/><\/p>\n<\/div><\/div><\/div><\/div><\/div><div class=\"fusion-fullwidth fullwidth-box fusion-builder-row-2 fusion-flex-container has-pattern-background has-mask-background nonhundred-percent-fullwidth non-hundred-percent-height-scrolling\" style=\"--awb-border-radius-top-left:0px;--awb-border-radius-top-right:0px;--awb-border-radius-bottom-right:0px;--awb-border-radius-bottom-left:0px;--awb-flex-wrap:wrap;\" ><div class=\"fusion-builder-row fusion-row fusion-flex-align-items-flex-start fusion-flex-content-wrap\" style=\"max-width:1456px;margin-left: calc(-4% \/ 2 );margin-right: calc(-4% \/ 2 );\"><div class=\"fusion-layout-column fusion_builder_column fusion-builder-column-1 fusion_builder_column_1_1 1_1 fusion-flex-column\" style=\"--awb-bg-size:cover;--awb-width-large:100%;--awb-margin-top-large:0px;--awb-spacing-right-large:1.92%;--awb-margin-bottom-large:20px;--awb-spacing-left-large:1.92%;--awb-width-medium:100%;--awb-order-medium:0;--awb-spacing-right-medium:1.92%;--awb-spacing-left-medium:1.92%;--awb-width-small:100%;--awb-order-small:0;--awb-spacing-right-small:1.92%;--awb-spacing-left-small:1.92%;\"><div class=\"fusion-column-wrapper fusion-column-has-shadow fusion-flex-justify-content-flex-start fusion-content-layout-column\"><div class=\"fusion-text fusion-text-2\"><p><img decoding=\"async\" class=\"alignnone size-full wp-image-6829\" src=\"https:\/\/erasmusplus-sachsen.de\/wp-content\/uploads\/2022\/12\/careergarden-blume-32x32-1.png\" alt=\"Career Garden Flower\" width=\"32\" height=\"32\" \/> <strong>5.1. Memory<\/strong><\/p>\n<p>Mit einem Memory zu ausgew\u00e4hlten Techniken des Malerhandwerks kannst du herausfinden, was du gelernt hast oder gelernt haben solltest.<\/p>\n<\/div><div class=\"h5p-content\" data-content-id=\"1\"><\/div><div class=\"fusion-text fusion-text-3\" style=\"--awb-margin-top:80px;\"><p><strong>5.2. Auswertung mit Online-Fragebogen<\/strong><\/p>\n<p style=\"font-weight: 400;\">Bitte sage uns hier gleich, welche Erfahrungen du mit dem Online-Vorpraktikum gesammelt hast.<\/p>\n<p><img decoding=\"async\" class=\"alignnone size-full wp-image-6829\" src=\"https:\/\/erasmusplus-sachsen.de\/wp-content\/uploads\/2022\/12\/careergarden-blume-32x32-1.png\" alt=\"Career Garden Flower\" width=\"32\" height=\"32\" \/> <a href=\"https:\/\/forms.office.com\/e\/FTsrE3Ufah\">Link f\u00fcr Sch\u00fclerinnen und Sch\u00fcler<\/a><\/p>\n<p><img decoding=\"async\" class=\"alignnone size-full wp-image-6829\" src=\"https:\/\/erasmusplus-sachsen.de\/wp-content\/uploads\/2022\/12\/careergarden-blume-32x32-1.png\" alt=\"Career Garden Flower\" width=\"32\" height=\"32\" \/> <a href=\"https:\/\/forms.office.com\/e\/TUSpEdbH4H\">Link f\u00fcr Lehrinnen und Lehrer<\/a><\/p>\n<\/div><\/div><\/div><\/div><\/div><\/p>\n","protected":false},"excerpt":{"rendered":"","protected":false},"author":2,"featured_media":0,"parent":6770,"menu_order":0,"comment_status":"closed","ping_status":"closed","template":"","meta":{"_acf_changed":false,"footnotes":""},"class_list":["post-6903","page","type-page","status-publish","hentry"],"acf":[],"yoast_head":"<!-- This site is optimized with the Yoast SEO plugin v27.3 - https:\/\/yoast.com\/product\/yoast-seo-wordpress\/ -->\n<title>5. Memory - Erasmus+ Projekte<\/title>\n<meta name=\"robots\" content=\"index, follow, max-snippet:-1, max-image-preview:large, max-video-preview:-1\" \/>\n<link rel=\"canonical\" href=\"https:\/\/erasmusplus-sachsen.de\/en\/the-career-garden\/virtual-internship-at-heinrich-schmid\/memory\/\" \/>\n<meta property=\"og:locale\" content=\"en_US\" \/>\n<meta property=\"og:type\" content=\"article\" \/>\n<meta property=\"og:title\" content=\"5. Memory - Erasmus+ Projekte\" \/>\n<meta property=\"og:url\" content=\"https:\/\/erasmusplus-sachsen.de\/en\/the-career-garden\/virtual-internship-at-heinrich-schmid\/memory\/\" \/>\n<meta property=\"og:site_name\" content=\"Erasmus+ Projekte\" \/>\n<meta property=\"article:modified_time\" content=\"2023-09-20T07:52:54+00:00\" \/>\n<meta property=\"og:image\" content=\"https:\/\/erasmusplus-sachsen.de\/wp-content\/uploads\/2022\/07\/heinrich-schmid.png\" \/>\n<meta name=\"twitter:card\" content=\"summary_large_image\" \/>\n<meta name=\"twitter:label1\" content=\"Est. reading time\" \/>\n\t<meta name=\"twitter:data1\" content=\"4 minutes\" \/>\n<script type=\"application\/ld+json\" class=\"yoast-schema-graph\">{\"@context\":\"https:\\\/\\\/schema.org\",\"@graph\":[{\"@type\":\"WebPage\",\"@id\":\"https:\\\/\\\/erasmusplus-sachsen.de\\\/en\\\/the-career-garden\\\/virtual-internship-at-heinrich-schmid\\\/memory\\\/\",\"url\":\"https:\\\/\\\/erasmusplus-sachsen.de\\\/en\\\/the-career-garden\\\/virtual-internship-at-heinrich-schmid\\\/memory\\\/\",\"name\":\"5. Memory - Erasmus+ Projekte\",\"isPartOf\":{\"@id\":\"https:\\\/\\\/erasmusplus-sachsen.de\\\/#website\"},\"primaryImageOfPage\":{\"@id\":\"https:\\\/\\\/erasmusplus-sachsen.de\\\/en\\\/the-career-garden\\\/virtual-internship-at-heinrich-schmid\\\/memory\\\/#primaryimage\"},\"image\":{\"@id\":\"https:\\\/\\\/erasmusplus-sachsen.de\\\/en\\\/the-career-garden\\\/virtual-internship-at-heinrich-schmid\\\/memory\\\/#primaryimage\"},\"thumbnailUrl\":\"https:\\\/\\\/erasmusplus-sachsen.de\\\/wp-content\\\/uploads\\\/2022\\\/07\\\/heinrich-schmid.png\",\"datePublished\":\"2022-12-02T11:47:24+00:00\",\"dateModified\":\"2023-09-20T07:52:54+00:00\",\"breadcrumb\":{\"@id\":\"https:\\\/\\\/erasmusplus-sachsen.de\\\/en\\\/the-career-garden\\\/virtual-internship-at-heinrich-schmid\\\/memory\\\/#breadcrumb\"},\"inLanguage\":\"en-US\",\"potentialAction\":[{\"@type\":\"ReadAction\",\"target\":[\"https:\\\/\\\/erasmusplus-sachsen.de\\\/en\\\/the-career-garden\\\/virtual-internship-at-heinrich-schmid\\\/memory\\\/\"]}]},{\"@type\":\"ImageObject\",\"inLanguage\":\"en-US\",\"@id\":\"https:\\\/\\\/erasmusplus-sachsen.de\\\/en\\\/the-career-garden\\\/virtual-internship-at-heinrich-schmid\\\/memory\\\/#primaryimage\",\"url\":\"https:\\\/\\\/erasmusplus-sachsen.de\\\/wp-content\\\/uploads\\\/2022\\\/07\\\/heinrich-schmid.png\",\"contentUrl\":\"https:\\\/\\\/erasmusplus-sachsen.de\\\/wp-content\\\/uploads\\\/2022\\\/07\\\/heinrich-schmid.png\"},{\"@type\":\"BreadcrumbList\",\"@id\":\"https:\\\/\\\/erasmusplus-sachsen.de\\\/en\\\/the-career-garden\\\/virtual-internship-at-heinrich-schmid\\\/memory\\\/#breadcrumb\",\"itemListElement\":[{\"@type\":\"ListItem\",\"position\":1,\"name\":\"Startseite\",\"item\":\"https:\\\/\\\/erasmusplus-sachsen.de\\\/\"},{\"@type\":\"ListItem\",\"position\":2,\"name\":\"The Career Garden\",\"item\":\"https:\\\/\\\/erasmusplus-sachsen.de\\\/en\\\/the-career-garden\\\/\"},{\"@type\":\"ListItem\",\"position\":3,\"name\":\"Virtual Internship at Heinrich Schmid\",\"item\":\"https:\\\/\\\/erasmusplus-sachsen.de\\\/en\\\/the-career-garden\\\/virtual-internship-at-heinrich-schmid\\\/\"},{\"@type\":\"ListItem\",\"position\":4,\"name\":\"5. Memory\"}]},{\"@type\":\"WebSite\",\"@id\":\"https:\\\/\\\/erasmusplus-sachsen.de\\\/#website\",\"url\":\"https:\\\/\\\/erasmusplus-sachsen.de\\\/\",\"name\":\"Erasmus+ Projekte\",\"description\":\"Das gro\u00dfe Plus f\u00fcr Sachsens Schulsystem\",\"potentialAction\":[{\"@type\":\"SearchAction\",\"target\":{\"@type\":\"EntryPoint\",\"urlTemplate\":\"https:\\\/\\\/erasmusplus-sachsen.de\\\/?s={search_term_string}\"},\"query-input\":{\"@type\":\"PropertyValueSpecification\",\"valueRequired\":true,\"valueName\":\"search_term_string\"}}],\"inLanguage\":\"en-US\"}]}<\/script>\n<!-- \/ Yoast SEO plugin. -->","yoast_head_json":{"title":"5. Memory - Erasmus+ Projekte","robots":{"index":"index","follow":"follow","max-snippet":"max-snippet:-1","max-image-preview":"max-image-preview:large","max-video-preview":"max-video-preview:-1"},"canonical":"https:\/\/erasmusplus-sachsen.de\/en\/the-career-garden\/virtual-internship-at-heinrich-schmid\/memory\/","og_locale":"en_US","og_type":"article","og_title":"5. Memory - Erasmus+ Projekte","og_url":"https:\/\/erasmusplus-sachsen.de\/en\/the-career-garden\/virtual-internship-at-heinrich-schmid\/memory\/","og_site_name":"Erasmus+ Projekte","article_modified_time":"2023-09-20T07:52:54+00:00","og_image":[{"url":"https:\/\/erasmusplus-sachsen.de\/wp-content\/uploads\/2022\/07\/heinrich-schmid.png","type":"","width":"","height":""}],"twitter_card":"summary_large_image","twitter_misc":{"Est. reading time":"4 minutes"},"schema":{"@context":"https:\/\/schema.org","@graph":[{"@type":"WebPage","@id":"https:\/\/erasmusplus-sachsen.de\/en\/the-career-garden\/virtual-internship-at-heinrich-schmid\/memory\/","url":"https:\/\/erasmusplus-sachsen.de\/en\/the-career-garden\/virtual-internship-at-heinrich-schmid\/memory\/","name":"5. Memory - Erasmus+ Projekte","isPartOf":{"@id":"https:\/\/erasmusplus-sachsen.de\/#website"},"primaryImageOfPage":{"@id":"https:\/\/erasmusplus-sachsen.de\/en\/the-career-garden\/virtual-internship-at-heinrich-schmid\/memory\/#primaryimage"},"image":{"@id":"https:\/\/erasmusplus-sachsen.de\/en\/the-career-garden\/virtual-internship-at-heinrich-schmid\/memory\/#primaryimage"},"thumbnailUrl":"https:\/\/erasmusplus-sachsen.de\/wp-content\/uploads\/2022\/07\/heinrich-schmid.png","datePublished":"2022-12-02T11:47:24+00:00","dateModified":"2023-09-20T07:52:54+00:00","breadcrumb":{"@id":"https:\/\/erasmusplus-sachsen.de\/en\/the-career-garden\/virtual-internship-at-heinrich-schmid\/memory\/#breadcrumb"},"inLanguage":"en-US","potentialAction":[{"@type":"ReadAction","target":["https:\/\/erasmusplus-sachsen.de\/en\/the-career-garden\/virtual-internship-at-heinrich-schmid\/memory\/"]}]},{"@type":"ImageObject","inLanguage":"en-US","@id":"https:\/\/erasmusplus-sachsen.de\/en\/the-career-garden\/virtual-internship-at-heinrich-schmid\/memory\/#primaryimage","url":"https:\/\/erasmusplus-sachsen.de\/wp-content\/uploads\/2022\/07\/heinrich-schmid.png","contentUrl":"https:\/\/erasmusplus-sachsen.de\/wp-content\/uploads\/2022\/07\/heinrich-schmid.png"},{"@type":"BreadcrumbList","@id":"https:\/\/erasmusplus-sachsen.de\/en\/the-career-garden\/virtual-internship-at-heinrich-schmid\/memory\/#breadcrumb","itemListElement":[{"@type":"ListItem","position":1,"name":"Startseite","item":"https:\/\/erasmusplus-sachsen.de\/"},{"@type":"ListItem","position":2,"name":"The Career Garden","item":"https:\/\/erasmusplus-sachsen.de\/en\/the-career-garden\/"},{"@type":"ListItem","position":3,"name":"Virtual Internship at Heinrich Schmid","item":"https:\/\/erasmusplus-sachsen.de\/en\/the-career-garden\/virtual-internship-at-heinrich-schmid\/"},{"@type":"ListItem","position":4,"name":"5. Memory"}]},{"@type":"WebSite","@id":"https:\/\/erasmusplus-sachsen.de\/#website","url":"https:\/\/erasmusplus-sachsen.de\/","name":"Erasmus+ Projekte","description":"Das gro\u00dfe Plus f\u00fcr Sachsens Schulsystem","potentialAction":[{"@type":"SearchAction","target":{"@type":"EntryPoint","urlTemplate":"https:\/\/erasmusplus-sachsen.de\/?s={search_term_string}"},"query-input":{"@type":"PropertyValueSpecification","valueRequired":true,"valueName":"search_term_string"}}],"inLanguage":"en-US"}]}},"_links":{"self":[{"href":"https:\/\/erasmusplus-sachsen.de\/en\/wp-json\/wp\/v2\/pages\/6903","targetHints":{"allow":["GET"]}}],"collection":[{"href":"https:\/\/erasmusplus-sachsen.de\/en\/wp-json\/wp\/v2\/pages"}],"about":[{"href":"https:\/\/erasmusplus-sachsen.de\/en\/wp-json\/wp\/v2\/types\/page"}],"author":[{"embeddable":true,"href":"https:\/\/erasmusplus-sachsen.de\/en\/wp-json\/wp\/v2\/users\/2"}],"replies":[{"embeddable":true,"href":"https:\/\/erasmusplus-sachsen.de\/en\/wp-json\/wp\/v2\/comments?post=6903"}],"version-history":[{"count":33,"href":"https:\/\/erasmusplus-sachsen.de\/en\/wp-json\/wp\/v2\/pages\/6903\/revisions"}],"predecessor-version":[{"id":8206,"href":"https:\/\/erasmusplus-sachsen.de\/en\/wp-json\/wp\/v2\/pages\/6903\/revisions\/8206"}],"up":[{"embeddable":true,"href":"https:\/\/erasmusplus-sachsen.de\/en\/wp-json\/wp\/v2\/pages\/6770"}],"wp:attachment":[{"href":"https:\/\/erasmusplus-sachsen.de\/en\/wp-json\/wp\/v2\/media?parent=6903"}],"curies":[{"name":"wp","href":"https:\/\/api.w.org\/{rel}","templated":true}]}}