{"id":7983,"date":"2022-12-01T19:01:00","date_gmt":"2022-12-01T18:01:00","guid":{"rendered":"https:\/\/erasmusplus-sachsen.de\/the-career-garden\/predpripravnicki-staz-u-tvrtki-heinrich-schmid\/4-isprobajte-ove-zadatke-kod-kuce\/"},"modified":"2023-03-23T07:49:21","modified_gmt":"2023-03-23T06:49:21","slug":"4-isprobajte-ove-zadatke-kod-kuce","status":"publish","type":"page","link":"https:\/\/erasmusplus-sachsen.de\/hr\/predpripravnicki-staz-u-tvrtki-heinrich-schmid\/4-isprobajte-ove-zadatke-kod-kuce\/","title":{"rendered":"4. Isprobajte ove zadatke kod ku\u0107e."},"content":{"rendered":"<p><div class=\"fusion-fullwidth fullwidth-box fusion-builder-row-1 fusion-flex-container nonhundred-percent-fullwidth non-hundred-percent-height-scrolling\" style=\"--awb-border-radius-top-left:0px;--awb-border-radius-top-right:0px;--awb-border-radius-bottom-right:0px;--awb-border-radius-bottom-left:0px;--awb-flex-wrap:wrap;\" ><div class=\"fusion-builder-row fusion-row fusion-flex-align-items-flex-start fusion-flex-content-wrap\" style=\"max-width:1456px;margin-left: calc(-4% \/ 2 );margin-right: calc(-4% \/ 2 );\"><div class=\"fusion-layout-column fusion_builder_column fusion-builder-column-0 fusion_builder_column_1_1 1_1 fusion-flex-column\" style=\"--awb-bg-size:cover;--awb-width-large:100%;--awb-margin-top-large:0px;--awb-spacing-right-large:1.92%;--awb-margin-bottom-large:20px;--awb-spacing-left-large:1.92%;--awb-width-medium:100%;--awb-order-medium:0;--awb-spacing-right-medium:1.92%;--awb-spacing-left-medium:1.92%;--awb-width-small:100%;--awb-order-small:0;--awb-spacing-right-small:1.92%;--awb-spacing-left-small:1.92%;\"><div class=\"fusion-column-wrapper fusion-column-has-shadow fusion-flex-justify-content-flex-start fusion-content-layout-column\"><div class=\"fusion-image-element \" style=\"--awb-margin-bottom:20px;--awb-caption-title-font-family:var(--h2_typography-font-family);--awb-caption-title-font-weight:var(--h2_typography-font-weight);--awb-caption-title-font-style:var(--h2_typography-font-style);--awb-caption-title-size:var(--h2_typography-font-size);--awb-caption-title-transform:var(--h2_typography-text-transform);--awb-caption-title-line-height:var(--h2_typography-line-height);--awb-caption-title-letter-spacing:var(--h2_typography-letter-spacing);\"><span class=\" fusion-imageframe imageframe-none imageframe-1 hover-type-none\"><img decoding=\"async\" width=\"1459\" height=\"299\" title=\"Career Garden Logo\" src=\"https:\/\/erasmusplus-sachsen.de\/wp-content\/uploads\/2022\/07\/career-garden-logo-Pfade.png\" alt class=\"img-responsive wp-image-7790\" srcset=\"https:\/\/erasmusplus-sachsen.de\/wp-content\/uploads\/2022\/07\/career-garden-logo-Pfade-200x41.png 200w, https:\/\/erasmusplus-sachsen.de\/wp-content\/uploads\/2022\/07\/career-garden-logo-Pfade-400x82.png 400w, https:\/\/erasmusplus-sachsen.de\/wp-content\/uploads\/2022\/07\/career-garden-logo-Pfade-600x123.png 600w, https:\/\/erasmusplus-sachsen.de\/wp-content\/uploads\/2022\/07\/career-garden-logo-Pfade-800x164.png 800w, https:\/\/erasmusplus-sachsen.de\/wp-content\/uploads\/2022\/07\/career-garden-logo-Pfade-1200x246.png 1200w, https:\/\/erasmusplus-sachsen.de\/wp-content\/uploads\/2022\/07\/career-garden-logo-Pfade.png 1459w\" sizes=\"(max-width: 1024px) 100vw, (max-width: 640px) 100vw, 1459px\" \/><\/span><\/div><div class=\"fusion-text fusion-text-1\"><h2>Predpripravni\u010dki sta\u017e u tvrtki<\/h2>\n<p><img decoding=\"async\" class=\"alignnone size-full wp-image-6428\" src=\"https:\/\/erasmusplus-sachsen.de\/wp-content\/uploads\/2022\/07\/heinrich-schmid.png\" alt=\"Logo Firma Heinrich Schmid\" width=\"300\" height=\"64\" srcset=\"https:\/\/erasmusplus-sachsen.de\/wp-content\/uploads\/2022\/07\/heinrich-schmid-200x43.png 200w, https:\/\/erasmusplus-sachsen.de\/wp-content\/uploads\/2022\/07\/heinrich-schmid.png 300w\" sizes=\"(max-width: 300px) 100vw, 300px\" \/><\/p>\n<\/div><\/div><\/div><\/div><\/div><div class=\"fusion-fullwidth fullwidth-box fusion-builder-row-2 fusion-flex-container has-pattern-background has-mask-background nonhundred-percent-fullwidth non-hundred-percent-height-scrolling\" style=\"--awb-border-radius-top-left:0px;--awb-border-radius-top-right:0px;--awb-border-radius-bottom-right:0px;--awb-border-radius-bottom-left:0px;--awb-flex-wrap:wrap;\" ><div class=\"fusion-builder-row fusion-row fusion-flex-align-items-flex-start fusion-flex-content-wrap\" style=\"max-width:1456px;margin-left: calc(-4% \/ 2 );margin-right: calc(-4% \/ 2 );\"><div class=\"fusion-layout-column fusion_builder_column fusion-builder-column-1 fusion_builder_column_1_1 1_1 fusion-flex-column\" style=\"--awb-bg-size:cover;--awb-width-large:100%;--awb-margin-top-large:0px;--awb-spacing-right-large:1.92%;--awb-margin-bottom-large:20px;--awb-spacing-left-large:1.92%;--awb-width-medium:100%;--awb-order-medium:0;--awb-spacing-right-medium:1.92%;--awb-spacing-left-medium:1.92%;--awb-width-small:100%;--awb-order-small:0;--awb-spacing-right-small:1.92%;--awb-spacing-left-small:1.92%;\"><div class=\"fusion-column-wrapper fusion-column-has-shadow fusion-flex-justify-content-flex-start fusion-content-layout-column\"><div class=\"fusion-text fusion-text-2\"><p>Ovdje mo\u017eete dokazati da ste ve\u0107 dosta nau\u010dili o tehnikama i radnim koracima u soboslikarskom zanatu. Sada biste trebali isprobati mo\u017eete li se dobro nositi sa zadacima koji zahtjevaju fizi\u010dki rad.<br \/>\nPrije nego \u0161to po\u010dnete, trebat \u0107e vam niz materijala i alata. Na\u0107i \u0107ete ih u pdf-u na web-mjestu iznad tipki \u0161est zadataka. U idealnom slu\u010daju, sve je organizirano prije nego \u0161to po\u010dnete. Idemo na posao!<\/p>\n<\/div><div class=\"fusion-text fusion-text-3\"><p><img decoding=\"async\" class=\"alignnone wp-image-6829 size-full\" src=\"https:\/\/erasmusplus-sachsen.de\/wp-content\/uploads\/2022\/12\/careergarden-blume-32x32-1.png\" alt=\"Career Garden Flower\" width=\"32\" height=\"32\" \/> <a href=\"https:\/\/erasmusplus-sachsen.de\/wp-content\/uploads\/2023\/02\/4.1.-Praktisches-Arbeiten-Techniken-des-Malerhandwerks-ausprobieren.pdf\" target=\"\" rel=\"noopener\">4.1. Praktisches Arbeiten \u2013 Techniken des Malerhandwerks ausprobieren<\/a><\/p>\n<p><img decoding=\"async\" class=\"alignnone wp-image-6829 size-full\" src=\"https:\/\/erasmusplus-sachsen.de\/wp-content\/uploads\/2022\/12\/careergarden-blume-32x32-1.png\" alt=\"Career Garden Flower\" width=\"32\" height=\"32\" \/> <a href=\"https:\/\/erasmusplus-sachsen.de\/wp-content\/uploads\/2023\/02\/4.2.-Praktisches-Arbeiten-Das-Malern-eines-Zimmers-planen.pdf\" target=\"\" rel=\"noopener\">4.2. Praktisches Arbeiten \u2013 das Malern eines Zimmers planen<\/a><\/p>\n<p><img decoding=\"async\" class=\"alignnone wp-image-6829 size-full\" src=\"https:\/\/erasmusplus-sachsen.de\/wp-content\/uploads\/2022\/12\/careergarden-blume-32x32-1.png\" alt=\"Career Garden Flower\" width=\"32\" height=\"32\" \/> <a href=\"https:\/\/erasmusplus-sachsen.de\/wp-content\/uploads\/2023\/02\/4.3.-Praktisches-Arbeiten-Sitzhocker-bauen-und-gestalten.pdf\" target=\"\" rel=\"noopener\">4.3. Praktisches Arbeiten \u2013 Sitzhocker bauen und gestalten<\/a><\/p>\n<\/div><\/div><\/div><\/div><\/div><\/p>\n","protected":false},"excerpt":{"rendered":"","protected":false},"author":4,"featured_media":0,"parent":7930,"menu_order":0,"comment_status":"closed","ping_status":"closed","template":"","meta":{"_acf_changed":false,"footnotes":""},"class_list":["post-7983","page","type-page","status-publish","hentry"],"acf":[],"yoast_head":"<!-- This site is optimized with the Yoast SEO plugin v27.3 - https:\/\/yoast.com\/product\/yoast-seo-wordpress\/ -->\n<title>4. Isprobajte ove zadatke kod ku\u0107e. - Erasmus+ Projekte<\/title>\n<meta name=\"robots\" content=\"index, follow, max-snippet:-1, max-image-preview:large, max-video-preview:-1\" \/>\n<link rel=\"canonical\" href=\"https:\/\/erasmusplus-sachsen.de\/hr\/the-career-garden__trashed\/predpripravnicki-staz-u-tvrtki-heinrich-schmid\/4-isprobajte-ove-zadatke-kod-kuce\/\" \/>\n<meta property=\"og:locale\" content=\"hr_HR\" \/>\n<meta property=\"og:type\" content=\"article\" \/>\n<meta property=\"og:title\" content=\"4. Isprobajte ove zadatke kod ku\u0107e. - Erasmus+ Projekte\" \/>\n<meta property=\"og:url\" content=\"https:\/\/erasmusplus-sachsen.de\/hr\/the-career-garden__trashed\/predpripravnicki-staz-u-tvrtki-heinrich-schmid\/4-isprobajte-ove-zadatke-kod-kuce\/\" \/>\n<meta property=\"og:site_name\" content=\"Erasmus+ Projekte\" \/>\n<meta property=\"article:modified_time\" content=\"2023-03-23T06:49:21+00:00\" \/>\n<meta property=\"og:image\" content=\"https:\/\/erasmusplus-sachsen.de\/wp-content\/uploads\/2022\/07\/heinrich-schmid.png\" \/>\n<meta name=\"twitter:card\" content=\"summary_large_image\" \/>\n<meta name=\"twitter:label1\" content=\"Procijenjeno vrijeme \u010ditanja\" \/>\n\t<meta name=\"twitter:data1\" content=\"7 minuta\" \/>\n<script type=\"application\/ld+json\" class=\"yoast-schema-graph\">{\"@context\":\"https:\\\/\\\/schema.org\",\"@graph\":[{\"@type\":\"WebPage\",\"@id\":\"https:\\\/\\\/erasmusplus-sachsen.de\\\/hr\\\/the-career-garden__trashed\\\/predpripravnicki-staz-u-tvrtki-heinrich-schmid\\\/4-isprobajte-ove-zadatke-kod-kuce\\\/\",\"url\":\"https:\\\/\\\/erasmusplus-sachsen.de\\\/hr\\\/the-career-garden__trashed\\\/predpripravnicki-staz-u-tvrtki-heinrich-schmid\\\/4-isprobajte-ove-zadatke-kod-kuce\\\/\",\"name\":\"4. Isprobajte ove zadatke kod ku\u0107e. - Erasmus+ Projekte\",\"isPartOf\":{\"@id\":\"https:\\\/\\\/erasmusplus-sachsen.de\\\/#website\"},\"primaryImageOfPage\":{\"@id\":\"https:\\\/\\\/erasmusplus-sachsen.de\\\/hr\\\/the-career-garden__trashed\\\/predpripravnicki-staz-u-tvrtki-heinrich-schmid\\\/4-isprobajte-ove-zadatke-kod-kuce\\\/#primaryimage\"},\"image\":{\"@id\":\"https:\\\/\\\/erasmusplus-sachsen.de\\\/hr\\\/the-career-garden__trashed\\\/predpripravnicki-staz-u-tvrtki-heinrich-schmid\\\/4-isprobajte-ove-zadatke-kod-kuce\\\/#primaryimage\"},\"thumbnailUrl\":\"https:\\\/\\\/erasmusplus-sachsen.de\\\/wp-content\\\/uploads\\\/2022\\\/07\\\/heinrich-schmid.png\",\"datePublished\":\"2022-12-01T18:01:00+00:00\",\"dateModified\":\"2023-03-23T06:49:21+00:00\",\"breadcrumb\":{\"@id\":\"https:\\\/\\\/erasmusplus-sachsen.de\\\/hr\\\/the-career-garden__trashed\\\/predpripravnicki-staz-u-tvrtki-heinrich-schmid\\\/4-isprobajte-ove-zadatke-kod-kuce\\\/#breadcrumb\"},\"inLanguage\":\"hr\",\"potentialAction\":[{\"@type\":\"ReadAction\",\"target\":[\"https:\\\/\\\/erasmusplus-sachsen.de\\\/hr\\\/the-career-garden__trashed\\\/predpripravnicki-staz-u-tvrtki-heinrich-schmid\\\/4-isprobajte-ove-zadatke-kod-kuce\\\/\"]}]},{\"@type\":\"ImageObject\",\"inLanguage\":\"hr\",\"@id\":\"https:\\\/\\\/erasmusplus-sachsen.de\\\/hr\\\/the-career-garden__trashed\\\/predpripravnicki-staz-u-tvrtki-heinrich-schmid\\\/4-isprobajte-ove-zadatke-kod-kuce\\\/#primaryimage\",\"url\":\"https:\\\/\\\/erasmusplus-sachsen.de\\\/wp-content\\\/uploads\\\/2022\\\/07\\\/heinrich-schmid.png\",\"contentUrl\":\"https:\\\/\\\/erasmusplus-sachsen.de\\\/wp-content\\\/uploads\\\/2022\\\/07\\\/heinrich-schmid.png\"},{\"@type\":\"BreadcrumbList\",\"@id\":\"https:\\\/\\\/erasmusplus-sachsen.de\\\/hr\\\/the-career-garden__trashed\\\/predpripravnicki-staz-u-tvrtki-heinrich-schmid\\\/4-isprobajte-ove-zadatke-kod-kuce\\\/#breadcrumb\",\"itemListElement\":[{\"@type\":\"ListItem\",\"position\":1,\"name\":\"Startseite\",\"item\":\"https:\\\/\\\/erasmusplus-sachsen.de\\\/\"},{\"@type\":\"ListItem\",\"position\":2,\"name\":\"Predpripravni\u010dki sta\u017e u tvrtki Heinrich Schmid\",\"item\":\"https:\\\/\\\/erasmusplus-sachsen.de\\\/hr\\\/the-career-garden__trashed\\\/predpripravnicki-staz-u-tvrtki-heinrich-schmid\\\/\"},{\"@type\":\"ListItem\",\"position\":3,\"name\":\"4. Isprobajte ove zadatke kod ku\u0107e.\"}]},{\"@type\":\"WebSite\",\"@id\":\"https:\\\/\\\/erasmusplus-sachsen.de\\\/#website\",\"url\":\"https:\\\/\\\/erasmusplus-sachsen.de\\\/\",\"name\":\"Erasmus+ Projekte\",\"description\":\"Das gro\u00dfe Plus f\u00fcr Sachsens Schulsystem\",\"potentialAction\":[{\"@type\":\"SearchAction\",\"target\":{\"@type\":\"EntryPoint\",\"urlTemplate\":\"https:\\\/\\\/erasmusplus-sachsen.de\\\/?s={search_term_string}\"},\"query-input\":{\"@type\":\"PropertyValueSpecification\",\"valueRequired\":true,\"valueName\":\"search_term_string\"}}],\"inLanguage\":\"hr\"}]}<\/script>\n<!-- \/ Yoast SEO plugin. -->","yoast_head_json":{"title":"4. Isprobajte ove zadatke kod ku\u0107e. - Erasmus+ Projekte","robots":{"index":"index","follow":"follow","max-snippet":"max-snippet:-1","max-image-preview":"max-image-preview:large","max-video-preview":"max-video-preview:-1"},"canonical":"https:\/\/erasmusplus-sachsen.de\/hr\/the-career-garden__trashed\/predpripravnicki-staz-u-tvrtki-heinrich-schmid\/4-isprobajte-ove-zadatke-kod-kuce\/","og_locale":"hr_HR","og_type":"article","og_title":"4. Isprobajte ove zadatke kod ku\u0107e. - Erasmus+ Projekte","og_url":"https:\/\/erasmusplus-sachsen.de\/hr\/the-career-garden__trashed\/predpripravnicki-staz-u-tvrtki-heinrich-schmid\/4-isprobajte-ove-zadatke-kod-kuce\/","og_site_name":"Erasmus+ Projekte","article_modified_time":"2023-03-23T06:49:21+00:00","og_image":[{"url":"https:\/\/erasmusplus-sachsen.de\/wp-content\/uploads\/2022\/07\/heinrich-schmid.png","type":"","width":"","height":""}],"twitter_card":"summary_large_image","twitter_misc":{"Procijenjeno vrijeme \u010ditanja":"7 minuta"},"schema":{"@context":"https:\/\/schema.org","@graph":[{"@type":"WebPage","@id":"https:\/\/erasmusplus-sachsen.de\/hr\/the-career-garden__trashed\/predpripravnicki-staz-u-tvrtki-heinrich-schmid\/4-isprobajte-ove-zadatke-kod-kuce\/","url":"https:\/\/erasmusplus-sachsen.de\/hr\/the-career-garden__trashed\/predpripravnicki-staz-u-tvrtki-heinrich-schmid\/4-isprobajte-ove-zadatke-kod-kuce\/","name":"4. Isprobajte ove zadatke kod ku\u0107e. - Erasmus+ Projekte","isPartOf":{"@id":"https:\/\/erasmusplus-sachsen.de\/#website"},"primaryImageOfPage":{"@id":"https:\/\/erasmusplus-sachsen.de\/hr\/the-career-garden__trashed\/predpripravnicki-staz-u-tvrtki-heinrich-schmid\/4-isprobajte-ove-zadatke-kod-kuce\/#primaryimage"},"image":{"@id":"https:\/\/erasmusplus-sachsen.de\/hr\/the-career-garden__trashed\/predpripravnicki-staz-u-tvrtki-heinrich-schmid\/4-isprobajte-ove-zadatke-kod-kuce\/#primaryimage"},"thumbnailUrl":"https:\/\/erasmusplus-sachsen.de\/wp-content\/uploads\/2022\/07\/heinrich-schmid.png","datePublished":"2022-12-01T18:01:00+00:00","dateModified":"2023-03-23T06:49:21+00:00","breadcrumb":{"@id":"https:\/\/erasmusplus-sachsen.de\/hr\/the-career-garden__trashed\/predpripravnicki-staz-u-tvrtki-heinrich-schmid\/4-isprobajte-ove-zadatke-kod-kuce\/#breadcrumb"},"inLanguage":"hr","potentialAction":[{"@type":"ReadAction","target":["https:\/\/erasmusplus-sachsen.de\/hr\/the-career-garden__trashed\/predpripravnicki-staz-u-tvrtki-heinrich-schmid\/4-isprobajte-ove-zadatke-kod-kuce\/"]}]},{"@type":"ImageObject","inLanguage":"hr","@id":"https:\/\/erasmusplus-sachsen.de\/hr\/the-career-garden__trashed\/predpripravnicki-staz-u-tvrtki-heinrich-schmid\/4-isprobajte-ove-zadatke-kod-kuce\/#primaryimage","url":"https:\/\/erasmusplus-sachsen.de\/wp-content\/uploads\/2022\/07\/heinrich-schmid.png","contentUrl":"https:\/\/erasmusplus-sachsen.de\/wp-content\/uploads\/2022\/07\/heinrich-schmid.png"},{"@type":"BreadcrumbList","@id":"https:\/\/erasmusplus-sachsen.de\/hr\/the-career-garden__trashed\/predpripravnicki-staz-u-tvrtki-heinrich-schmid\/4-isprobajte-ove-zadatke-kod-kuce\/#breadcrumb","itemListElement":[{"@type":"ListItem","position":1,"name":"Startseite","item":"https:\/\/erasmusplus-sachsen.de\/"},{"@type":"ListItem","position":2,"name":"Predpripravni\u010dki sta\u017e u tvrtki Heinrich Schmid","item":"https:\/\/erasmusplus-sachsen.de\/hr\/the-career-garden__trashed\/predpripravnicki-staz-u-tvrtki-heinrich-schmid\/"},{"@type":"ListItem","position":3,"name":"4. Isprobajte ove zadatke kod ku\u0107e."}]},{"@type":"WebSite","@id":"https:\/\/erasmusplus-sachsen.de\/#website","url":"https:\/\/erasmusplus-sachsen.de\/","name":"Erasmus+ Projekte","description":"Das gro\u00dfe Plus f\u00fcr Sachsens Schulsystem","potentialAction":[{"@type":"SearchAction","target":{"@type":"EntryPoint","urlTemplate":"https:\/\/erasmusplus-sachsen.de\/?s={search_term_string}"},"query-input":{"@type":"PropertyValueSpecification","valueRequired":true,"valueName":"search_term_string"}}],"inLanguage":"hr"}]}},"_links":{"self":[{"href":"https:\/\/erasmusplus-sachsen.de\/hr\/wp-json\/wp\/v2\/pages\/7983","targetHints":{"allow":["GET"]}}],"collection":[{"href":"https:\/\/erasmusplus-sachsen.de\/hr\/wp-json\/wp\/v2\/pages"}],"about":[{"href":"https:\/\/erasmusplus-sachsen.de\/hr\/wp-json\/wp\/v2\/types\/page"}],"author":[{"embeddable":true,"href":"https:\/\/erasmusplus-sachsen.de\/hr\/wp-json\/wp\/v2\/users\/4"}],"replies":[{"embeddable":true,"href":"https:\/\/erasmusplus-sachsen.de\/hr\/wp-json\/wp\/v2\/comments?post=7983"}],"version-history":[{"count":7,"href":"https:\/\/erasmusplus-sachsen.de\/hr\/wp-json\/wp\/v2\/pages\/7983\/revisions"}],"predecessor-version":[{"id":8014,"href":"https:\/\/erasmusplus-sachsen.de\/hr\/wp-json\/wp\/v2\/pages\/7983\/revisions\/8014"}],"up":[{"embeddable":true,"href":"https:\/\/erasmusplus-sachsen.de\/hr\/wp-json\/wp\/v2\/pages\/7930"}],"wp:attachment":[{"href":"https:\/\/erasmusplus-sachsen.de\/hr\/wp-json\/wp\/v2\/media?parent=7983"}],"curies":[{"name":"wp","href":"https:\/\/api.w.org\/{rel}","templated":true}]}}